{"id":1329,"date":"2024-01-29T18:37:58","date_gmt":"2024-01-29T18:37:58","guid":{"rendered":"https:\/\/www.confexbel.com.br\/loja\/?post_type=product&#038;p=1329"},"modified":"2026-01-26T18:20:25","modified_gmt":"2026-01-26T18:20:25","slug":"sm-1-masculino-tunica-e-calca-sob-medida","status":"publish","type":"product","link":"https:\/\/www.confexbel.com.br\/loja\/produto\/sm-1-masculino-tunica-e-calca-sob-medida\/","title":{"rendered":"SM-1 Masculino &#8211; T\u00daNICA E CAL\u00c7A &#8211; SOB MEDIDA"},"content":{"rendered":"<p>T\u00daNICA com bot\u00f5es + CAL\u00c7A &#8211; Produto Sob Medida<br \/>\nPara encomendas \u00e0 dist\u00e2ncia entre em contato conosco ou visite nossa loja.<br \/>\nProduto CONTROLADO de USO RESTRITO para policiais militares. Obrigat\u00f3ria apresenta\u00e7\u00e3o de documenta\u00e7\u00e3o militar: c\u00f3pia do R.E., c\u00f3pia do R.G. e dados da Unidade em que serve. CAMISA E GRAVATA VENDIDOS SEPARADAMENTE<\/p>\n","protected":false},"excerpt":{"rendered":"<div id=\"recipiente_peso_variacao1\" class=\"col-md-2\">\n<div class=\"form-group\">\n<div id=\"recipiente_peso_variacao1\" class=\"col-md-2\">\n<div class=\"form-group\"><label>Peso l\u00edquido<\/label><input id=\"peso_sem_variacao\" class=\"form-control\" name=\"peso_sem_variacao\" type=\"text\" value=\"3.00\" \/><\/div>\n<\/div>\n<div id=\"recipiente_peso_bruto_variacao1\" class=\"col-md-2\">\n<div class=\"form-group\"><label>Peso bruto<\/label><input id=\"peso_bruto_sem_variacao\" class=\"form-control\" name=\"peso_bruto_sem_variacao\" type=\"text\" value=\"4.00\" \/><\/div>\n<\/div>\n<\/div>\n<\/div>\n","protected":false},"featured_media":1331,"template":"","meta":[],"product_brand":[],"product_cat":[21,19],"product_tag":[],"class_list":{"0":"post-1329","1":"product","2":"type-product","3":"status-publish","4":"has-post-thumbnail","6":"product_cat-masculina","7":"product_cat-policia-militar","8":"wcpa_has_options","10":"first","11":"onbackorder","12":"shipping-taxable","13":"purchasable","14":"product-type-simple"},"wcpa_form_fields":{"wcpaData":{"product":{"product_price":1200,"price_html":"<span class=\"woocommerce-Price-amount amount\"><bdi><span class=\"woocommerce-Price-currencySymbol\">&#82;&#36;<\/span>1,200.00<\/bdi><\/span>","original_product_price":1200,"price_including_tax":1200,"price_excluding_tax":1200,"product_id":{"parent":1329,"variation":false},"is_variable":false,"stock_status":"onbackorder","stock_quantity":null,"parent_sku":"","product_attributes":[],"custom_fields":[],"is_taxable":false},"fields":{"sec_065204b747771c":{"extra":{"key":"sec_065204b747771c","section_id":"sec_065204b747771c","name":"Default","status":1,"cl_rule":"show","enableCl":false,"relations":[],"toggle":true,"title_tag":"h3","show_title":false,"showPrice":"default","form_id":203,"form_rules":{"exclude_from_discount":false,"fee_label":"Fee","disp_hide_options_price":false,"disp_show_section_price":false,"disp_show_field_price":true,"layout_option":"standard","pric_use_as_fee":false,"process_fee_as":"woo_fee"},"layout_option":"standard"},"fields":[[{"active":true,"col":6,"relations":false,"cl_rule":"show","enableCl":false,"price":"","enablePrice":false,"className":"","label_position":"default","desc_position":"default","type":"header","required":false,"elementId":"header_6203691215","label":"\t Dados Militares: ","subtype":"h3","error":false,"gt_translate_keys":["label"],"price_dependency":false,"cl_dependency":false,"value":""}],[{"active":true,"col":6,"relations":false,"cl_rule":"show","enableCl":false,"price":"","enablePrice":false,"className":"","label_position":"default","desc_position":"default","type":"content","required":false,"elementId":"content_6399001224","label":"Antes de adicionar o produto no carrinho, informe os dados abaixo.","name":"content_6399001224","contentType":"plain","value":"","error":false,"gt_translate_keys":["label","value"],"price_dependency":false,"cl_dependency":false}],[{"active":true,"col":3,"relations":false,"cl_rule":"show","enableCl":false,"price":"","enablePrice":false,"className":"","label_position":"default","desc_position":"default","type":"file","required":false,"elementId":"file_6153134346","name":"file_6153134346","label":"C\u00d3PIA DO R.E (IDENTIDADE MILITAR)","upload_type":"basic","uploadSize":500,"file_types":["images","docs","design"],"error":false,"placeholder":"","description":"","allowedFileTypes":"image\/*,.doc,.docx,.xml,.dot,.docm,.dotm,.dotx,.htm,.html,.odt,.pdf,.rtf,.txt,.wps,.xps,application\/msword,application\/vnd,.psd,.eps,.ai,.indd,.raw","gt_translate_keys":["label","placeholder","description"],"price_dependency":false,"cl_dependency":false,"value":""},{"label":"C\u00d3PIA DO R.G","active":true,"required":false,"elementId":"file-5372108582","upload_type":"basic","file_types":["images","docs","design"],"placeholder":"","description":"","name":"file-5372108582","label_position":"default","desc_position":"default","enablePrice":false,"className":"","enableCl":false,"relations":false,"uploadSize":500,"price":"","cl_rule":"show","col":3,"type":"file","error":false,"allowedFileTypes":"image\/*,.doc,.docx,.xml,.dot,.docm,.dotm,.dotx,.htm,.html,.odt,.pdf,.rtf,.txt,.wps,.xps,application\/msword,application\/vnd,.psd,.eps,.ai,.indd,.raw","gt_translate_keys":["label","placeholder","description"],"price_dependency":false,"cl_dependency":false,"value":""}],[{"active":true,"col":3,"relations":false,"cl_rule":"show","enableCl":false,"price":"","enablePrice":false,"className":"","label_position":"default","desc_position":"default","type":"text","subtype":"text","required":false,"elementId":"text_5397201628","label":"UNIDADE","name":"text_5397201628","value":"","error":false,"gt_translate_keys":["label","value"],"price_dependency":false,"cl_dependency":false},{"active":true,"col":3,"relations":false,"cl_rule":"show","enableCl":false,"price":"","enablePrice":false,"className":"","label_position":"default","desc_position":"default","type":"number","required":false,"elementId":"number_5416266821","label":"TELEFONE DA UNIDADE (C\/DDD)","name":"number_5416266821","value":"","error":false,"placeholder":"","gt_translate_keys":["label","placeholder","value"],"price_dependency":false,"cl_dependency":false}]]}},"config":{"price_override":"","enable_recaptcha":false,"bind_quantity":false,"quantity_bind_formula":"","disp_summ_show_option_price":true,"disp_summ_show_product_price":true,"disp_summ_show_total_price":true,"disp_summ_show_fee":false,"disp_summ_show_discount":false,"summary_title":"","options_total_label":"Options Price","total_label":"Total","options_product_label":"Product Price","fee_label":"Fee","discount_label":"Discount","has_price":true,"has_quantity_formula":false},"mc_unit":1,"tax_rate":1,"tax_rate_real":1,"discount":{"percentage":0,"fixed":0},"design":{"conf":{"LabelPosition":"above","DescPosition":"above","UploadField":"custom_1","QuantityFieldStyle":"default"},"css":{"LeftLabelWidth":"120px"}},"formulas":{"fmla_1696615546576186029":""},"clones":false,"cartKey":false}},"_links":{"self":[{"href":"https:\/\/www.confexbel.com.br\/loja\/wp-json\/wp\/v2\/product\/1329","targetHints":{"allow":["GET"]}}],"collection":[{"href":"https:\/\/www.confexbel.com.br\/loja\/wp-json\/wp\/v2\/product"}],"about":[{"href":"https:\/\/www.confexbel.com.br\/loja\/wp-json\/wp\/v2\/types\/product"}],"wp:featuredmedia":[{"embeddable":true,"href":"https:\/\/www.confexbel.com.br\/loja\/wp-json\/wp\/v2\/media\/1331"}],"wp:attachment":[{"href":"https:\/\/www.confexbel.com.br\/loja\/wp-json\/wp\/v2\/media?parent=1329"}],"wp:term":[{"taxonomy":"product_brand","embeddable":true,"href":"https:\/\/www.confexbel.com.br\/loja\/wp-json\/wp\/v2\/product_brand?post=1329"},{"taxonomy":"product_cat","embeddable":true,"href":"https:\/\/www.confexbel.com.br\/loja\/wp-json\/wp\/v2\/product_cat?post=1329"},{"taxonomy":"product_tag","embeddable":true,"href":"https:\/\/www.confexbel.com.br\/loja\/wp-json\/wp\/v2\/product_tag?post=1329"}],"curies":[{"name":"wp","href":"https:\/\/api.w.org\/{rel}","templated":true}]}}