{"id":356,"date":"2023-10-26T17:01:33","date_gmt":"2023-10-26T17:01:33","guid":{"rendered":"https:\/\/www.confexbel.com.br\/loja\/?page_id=356"},"modified":"2023-10-26T17:02:16","modified_gmt":"2023-10-26T17:02:16","slug":"encomendas-sob-medida","status":"publish","type":"page","link":"https:\/\/www.confexbel.com.br\/loja\/encomendas-sob-medida\/","title":{"rendered":"Encomendas Sob Medida"},"content":{"rendered":"\t\t<div data-elementor-type=\"wp-page\" data-elementor-id=\"356\" class=\"elementor elementor-356\" data-elementor-post-type=\"page\">\n\t\t\t\t\t\t<section class=\"elementor-section elementor-top-section elementor-element elementor-element-388b0792 elementor-section-boxed elementor-section-height-default elementor-section-height-default\" data-id=\"388b0792\" data-element_type=\"section\" data-e-type=\"section\" data-settings=\"{&quot;background_background&quot;:&quot;classic&quot;}\">\n\t\t\t\t\t\t\t<div class=\"elementor-background-overlay\"><\/div>\n\t\t\t\t\t\t\t<div class=\"elementor-container elementor-column-gap-default\">\n\t\t\t\t\t<div class=\"elementor-column elementor-col-100 elementor-top-column elementor-element elementor-element-696f6dbd elementor-invisible\" data-id=\"696f6dbd\" data-element_type=\"column\" data-e-type=\"column\" data-settings=\"{&quot;animation&quot;:&quot;bounceInUp&quot;}\">\n\t\t\t<div class=\"elementor-widget-wrap elementor-element-populated\">\n\t\t\t\t\t\t<div class=\"elementor-element elementor-element-1f014ad2 elementor-widget elementor-widget-heading\" data-id=\"1f014ad2\" data-element_type=\"widget\" data-e-type=\"widget\" data-widget_type=\"heading.default\">\n\t\t\t\t<div class=\"elementor-widget-container\">\n\t\t\t\t\t<h1 class=\"elementor-heading-title elementor-size-default\">Encomendas Sob Medida<\/h1>\t\t\t\t<\/div>\n\t\t\t\t<\/div>\n\t\t\t\t\t<\/div>\n\t\t<\/div>\n\t\t\t\t\t<\/div>\n\t\t<\/section>\n\t\t\t\t<section class=\"elementor-section elementor-top-section elementor-element elementor-element-1730ebbf elementor-section-boxed elementor-section-height-default elementor-section-height-default\" data-id=\"1730ebbf\" data-element_type=\"section\" data-e-type=\"section\" data-settings=\"{&quot;background_background&quot;:&quot;classic&quot;}\">\n\t\t\t\t\t\t<div class=\"elementor-container elementor-column-gap-default\">\n\t\t\t\t\t<div class=\"elementor-column elementor-col-100 elementor-top-column elementor-element elementor-element-53879662\" data-id=\"53879662\" data-element_type=\"column\" data-e-type=\"column\">\n\t\t\t<div class=\"elementor-widget-wrap elementor-element-populated\">\n\t\t\t\t\t\t<div class=\"elementor-element elementor-element-198463b elementor-widget elementor-widget-text-editor\" data-id=\"198463b\" data-element_type=\"widget\" data-e-type=\"widget\" data-widget_type=\"text-editor.default\">\n\t\t\t\t<div class=\"elementor-widget-container\">\n\t\t\t\t\t\t\t\t\t<div class=\"row\"><div class=\"col-md-12 col-xs-12 altura_minima_body conteudo_pagina_institucional\"><blockquote><div class=\"row\"><div class=\"col-md-12 col-xs-12 altura_minima_body conteudo_pagina_institucional\"><div class=\"row\"><div class=\"col-md-12 col-xs-12 altura_minima_body conteudo_pagina_institucional\"><p>ENTRE EM CONTATO CONOSCO PARA ENCOMEDAR SEU UNIFORME SOB MEDIDA.<\/p><p>TEMOS UM SISTEMA EXCLUSIVO CRIADO PARA ENCOMENDAS SOB MEDIDA \u00c0 DIST\u00c2NCIA.<\/p><p>FALE CONOSCO PARA MAIORES INFORMA\u00c7\u00d5ES<\/p><p><a href=\"mailto:CONFEXBEL@CONFEXBEL.COM.BR\">CONFEXBEL@CONFEXBEL.COM.BR<\/a><\/p><p>WHATSAPP (11) 98149-7812<\/p><p>TELEFONE\u00a0(11) 3313-7099 \/ 3323-4356<\/p><\/div><\/div><\/div><\/div><\/blockquote><\/div><\/div>\t\t\t\t\t\t\t\t<\/div>\n\t\t\t\t<\/div>\n\t\t\t\t\t<\/div>\n\t\t<\/div>\n\t\t\t\t\t<\/div>\n\t\t<\/section>\n\t\t\t\t<\/div>\n\t\t","protected":false},"excerpt":{"rendered":"<p>ENTRE EM CONTATO CONOSCO PARA ENCOMEDAR SEU UNIFORME SOB MEDIDA. TEMOS UM SISTEMA EXCLUSIVO CRIADO PARA ENCOMENDAS SOB MEDIDA \u00c0 DIST\u00c2NCIA. FALE CONOSCO PARA MAIORES INFORMA\u00c7\u00d5ES CONFEXBEL@CONFEXBEL.COM.BR WHATSAPP (11) 98149-7812 TELEFONE\u00a0(11) 3313-7099 \/ 3323-4356<\/p>\n","protected":false},"author":1,"featured_media":0,"parent":0,"menu_order":0,"comment_status":"closed","ping_status":"closed","template":"elementor_header_footer","meta":{"footnotes":""},"class_list":["post-356","page","type-page","status-publish","hentry"],"_links":{"self":[{"href":"https:\/\/www.confexbel.com.br\/loja\/wp-json\/wp\/v2\/pages\/356","targetHints":{"allow":["GET"]}}],"collection":[{"href":"https:\/\/www.confexbel.com.br\/loja\/wp-json\/wp\/v2\/pages"}],"about":[{"href":"https:\/\/www.confexbel.com.br\/loja\/wp-json\/wp\/v2\/types\/page"}],"author":[{"embeddable":true,"href":"https:\/\/www.confexbel.com.br\/loja\/wp-json\/wp\/v2\/users\/1"}],"replies":[{"embeddable":true,"href":"https:\/\/www.confexbel.com.br\/loja\/wp-json\/wp\/v2\/comments?post=356"}],"version-history":[{"count":4,"href":"https:\/\/www.confexbel.com.br\/loja\/wp-json\/wp\/v2\/pages\/356\/revisions"}],"predecessor-version":[{"id":364,"href":"https:\/\/www.confexbel.com.br\/loja\/wp-json\/wp\/v2\/pages\/356\/revisions\/364"}],"wp:attachment":[{"href":"https:\/\/www.confexbel.com.br\/loja\/wp-json\/wp\/v2\/media?parent=356"}],"curies":[{"name":"wp","href":"https:\/\/api.w.org\/{rel}","templated":true}]}}