{"id":355,"date":"2023-10-26T16:59:23","date_gmt":"2023-10-26T16:59:23","guid":{"rendered":"https:\/\/www.confexbel.com.br\/loja\/?page_id=355"},"modified":"2023-10-26T17:00:25","modified_gmt":"2023-10-26T17:00:25","slug":"politica-de-entrega","status":"publish","type":"page","link":"https:\/\/www.confexbel.com.br\/loja\/politica-de-entrega\/","title":{"rendered":"Pol\u00edtica de Entrega"},"content":{"rendered":"\t\t<div data-elementor-type=\"wp-page\" data-elementor-id=\"355\" class=\"elementor elementor-355\" data-elementor-post-type=\"page\">\n\t\t\t\t\t\t<section class=\"elementor-section elementor-top-section elementor-element elementor-element-388b0792 elementor-section-boxed elementor-section-height-default elementor-section-height-default\" data-id=\"388b0792\" data-element_type=\"section\" data-e-type=\"section\" data-settings=\"{&quot;background_background&quot;:&quot;classic&quot;}\">\n\t\t\t\t\t\t\t<div class=\"elementor-background-overlay\"><\/div>\n\t\t\t\t\t\t\t<div class=\"elementor-container elementor-column-gap-default\">\n\t\t\t\t\t<div class=\"elementor-column elementor-col-100 elementor-top-column elementor-element elementor-element-696f6dbd elementor-invisible\" data-id=\"696f6dbd\" data-element_type=\"column\" data-e-type=\"column\" data-settings=\"{&quot;animation&quot;:&quot;bounceInUp&quot;}\">\n\t\t\t<div class=\"elementor-widget-wrap elementor-element-populated\">\n\t\t\t\t\t\t<div class=\"elementor-element elementor-element-1f014ad2 elementor-widget elementor-widget-heading\" data-id=\"1f014ad2\" data-element_type=\"widget\" data-e-type=\"widget\" data-widget_type=\"heading.default\">\n\t\t\t\t<div class=\"elementor-widget-container\">\n\t\t\t\t\t<h1 class=\"elementor-heading-title elementor-size-default\">Pol\u00edtica de Entrega<\/h1>\t\t\t\t<\/div>\n\t\t\t\t<\/div>\n\t\t\t\t\t<\/div>\n\t\t<\/div>\n\t\t\t\t\t<\/div>\n\t\t<\/section>\n\t\t\t\t<section class=\"elementor-section elementor-top-section elementor-element elementor-element-1730ebbf elementor-section-boxed elementor-section-height-default elementor-section-height-default\" data-id=\"1730ebbf\" data-element_type=\"section\" data-e-type=\"section\" data-settings=\"{&quot;background_background&quot;:&quot;classic&quot;}\">\n\t\t\t\t\t\t<div class=\"elementor-container elementor-column-gap-default\">\n\t\t\t\t\t<div class=\"elementor-column elementor-col-100 elementor-top-column elementor-element elementor-element-53879662\" data-id=\"53879662\" data-element_type=\"column\" data-e-type=\"column\">\n\t\t\t<div class=\"elementor-widget-wrap elementor-element-populated\">\n\t\t\t\t\t\t<div class=\"elementor-element elementor-element-198463b elementor-widget elementor-widget-text-editor\" data-id=\"198463b\" data-element_type=\"widget\" data-e-type=\"widget\" data-widget_type=\"text-editor.default\">\n\t\t\t\t<div class=\"elementor-widget-container\">\n\t\t\t\t\t\t\t\t\t<p>O valor varia de acordo com o produto escolhido e o local de entrega. O mesmo ser\u00e1 indicado durante a compra, antes da finaliza\u00e7\u00e3o do pedido.<br \/>O prazo de entrega varia de acordo com a cidade, o estado e o tipo de frete selecionado no ato compra. As entregas ser\u00e3o efetuadas pelos Correios. Esse prazo come\u00e7a a ser contado somente a partir da autoriza\u00e7\u00e3o da compra pela institui\u00e7\u00e3o financeira e a confirma\u00e7\u00e3o de dados cadastrais e tal libera\u00e7\u00e3o pode levar at\u00e9 48 horas, conforme as pol\u00edticas das administradoras de cart\u00f5es.<br \/>Nossa equipe de log\u00edstica dar\u00e1 in\u00edcio ao manuseio de seu pedido t\u00e3o logo ele seja aprovado, assim que o produto for postado um e-mail autom\u00e1tico ser\u00e1 enviado informando o status de seu pedido e o rastreador desta entrega. Lembrando que o prazo de entrega \u00e9 informado no ato da realiza\u00e7\u00e3o de seu pedido.<\/p><p><strong>SEGUEM OS PRAZOS ESTIMADOS POR NOSSOS PARCEIROS LOG\u00cdSTICOS:<\/strong><\/p><p>&#8211; Motoboy Academia &#8211; para pedidos confirmados at\u00e9 12h (segunda a sexta) entrega no mesmo dia. Ap\u00f3s \u00e0s 12h a entrega ser\u00e1 feita at\u00e9 o pr\u00f3ximo dia \u00fatil;<br \/>&#8211; Retirada na Loja &#8211; dispon\u00edvel no mesmo dia da confirma\u00e7\u00e3o do pedido;<br \/>&#8211; S\u00e3o Paulo &#8211; capital e regi\u00e3o metropolitana: &#8220;2 a 5 dias \u00fateis&#8221;;<br \/>&#8211; Interior do Estado de S\u00e3o Paulo: &#8220;4 a 8 dias \u00fateis&#8221;;<br \/>&#8211; Demais Estados do Brasil: &#8220;4 a 12 dias \u00fateis&#8221;;<br \/>&#8211; Amazonas, Maranh\u00e3o e Roraima: at\u00e9 &#8220;18 dias \u00fateis&#8221;;<\/p><p><strong>INFORMA\u00c7\u00d5ES IMPORTANTES:<\/strong><\/p><p>&#8211; O prazo regular de entrega inicia-se ap\u00f3s a confirma\u00e7\u00e3o do pagamento, sempre no dia &#8220;\u00fatil&#8221; seguinte a confirma\u00e7\u00e3o do pedido;<br \/>&#8211; Caso seu pedido possua mais de um item, estes podem ser enviados separadamente, de acordo com a disponibilidade em estoque;<br \/>&#8211; As entregas s\u00e3o realizadas de segunda a sexta-feira, das 9h \u00e0s 18h;<br \/>&#8211; O servi\u00e7o de entrega \u00e9 realizado por meio dos Correios;<br \/>&#8211; O recebimento do pedido pode ser realizado por terceiros, como funcion\u00e1rios do condom\u00ednio\/resid\u00eancia e parentes.<\/p><p><strong>POSS\u00cdVEIS MOTIVOS PARA ATRASO DE SUA ENTREGA:<\/strong><\/p><p>&#8211; Insucessos na entrega devido \u00e0 aus\u00eancia do cliente no endere\u00e7o de entrega cadastrado no site;<br \/>&#8211; Endere\u00e7o cadastral incorreto ou incompleto;<br \/>&#8211; Mudan\u00e7a de endere\u00e7o;<br \/>&#8211; Eventualidades fora do comum por motivos inerentes \u00e0 nossa atua\u00e7\u00e3o, como acidentes naturais, greves gerais e\/ou quaisquer outros de for\u00e7a maior;<br \/>&#8211; Seu endere\u00e7o pode ser classificado pelos Correios como \u00e1rea com prazo de entrega diferenciada. Isso significa que o prazo de entrega \u00e9 redefinido pelos Correios, aleatoriamente \u00e0s defini\u00e7\u00f5es de prazo informados em nosso site.<\/p><p>Os prazos para entrega variam de acordo com o local de entrega, para consult\u00e1-los basta colocar o CEP do endere\u00e7o de entrega no fechamento da sua compra e consultar os prazos disponibilizados por nossos operadores log\u00edsticos.<\/p><p>Caso ocorra algum tipo de atraso em sua entrega, entre em contato conosco pelo atrav\u00e9s do e-mail confexbel@confexbel.com.br. Voc\u00ea tamb\u00e9m pode acompanhar seu pedido atrav\u00e9s do nosso site, basta acessar sua conta e consultar o pedido efetuado.<\/p><p>As entregas s\u00f3 s\u00e3o realizadas dentro do territ\u00f3rio nacional, caso n\u00e3o receba o produto dentro do prazo previsto por favor entre em contato.<\/p><p>\u00c9 importante lembrar que s\u00e3o feitas 3 tentativas de entrega. A segunda e a terceira tentativa s\u00e3o realizadas nos dias \u00fateis imediatamente subsequentes. Caso as 3 tentativas de entrega domiciliar sejam frustradas, o objeto ficar\u00e1 dispon\u00edvel para entrega na ag\u00eancia mais pr\u00f3xima do endere\u00e7o do destinat\u00e1rio, pelo prazo de 7 dias corridos. Ap\u00f3s esse prazo o objeto \u00e9 devolvido ao remetente. Certifique-se de que as pessoas encarregadas de receber o pedido como porteiros ou funcion\u00e1rios, n\u00e3o se recusem a receb\u00ea-lo.<\/p><p>Estamos sempre \u00e0 disposi\u00e7\u00e3o nos nossos canais de comunica\u00e7\u00e3o para qualquer d\u00favida.<\/p>\t\t\t\t\t\t\t\t<\/div>\n\t\t\t\t<\/div>\n\t\t\t\t\t<\/div>\n\t\t<\/div>\n\t\t\t\t\t<\/div>\n\t\t<\/section>\n\t\t\t\t<\/div>\n\t\t","protected":false},"excerpt":{"rendered":"<p>O valor varia de acordo com o produto escolhido e o local de entrega. O mesmo ser\u00e1 indicado durante a compra, antes da finaliza\u00e7\u00e3o do pedido.O prazo de entrega varia de acordo com a cidade, o estado e o tipo de frete selecionado no ato compra. As entregas ser\u00e3o efetuadas pelos Correios. Esse prazo come\u00e7a [&hellip;]<\/p>\n","protected":false},"author":1,"featured_media":0,"parent":0,"menu_order":0,"comment_status":"closed","ping_status":"closed","template":"elementor_header_footer","meta":{"footnotes":""},"class_list":["post-355","page","type-page","status-publish","hentry"],"_links":{"self":[{"href":"https:\/\/www.confexbel.com.br\/loja\/wp-json\/wp\/v2\/pages\/355","targetHints":{"allow":["GET"]}}],"collection":[{"href":"https:\/\/www.confexbel.com.br\/loja\/wp-json\/wp\/v2\/pages"}],"about":[{"href":"https:\/\/www.confexbel.com.br\/loja\/wp-json\/wp\/v2\/types\/page"}],"author":[{"embeddable":true,"href":"https:\/\/www.confexbel.com.br\/loja\/wp-json\/wp\/v2\/users\/1"}],"replies":[{"embeddable":true,"href":"https:\/\/www.confexbel.com.br\/loja\/wp-json\/wp\/v2\/comments?post=355"}],"version-history":[{"count":4,"href":"https:\/\/www.confexbel.com.br\/loja\/wp-json\/wp\/v2\/pages\/355\/revisions"}],"predecessor-version":[{"id":360,"href":"https:\/\/www.confexbel.com.br\/loja\/wp-json\/wp\/v2\/pages\/355\/revisions\/360"}],"wp:attachment":[{"href":"https:\/\/www.confexbel.com.br\/loja\/wp-json\/wp\/v2\/media?parent=355"}],"curies":[{"name":"wp","href":"https:\/\/api.w.org\/{rel}","templated":true}]}}