{"id":345,"date":"2023-10-26T16:55:48","date_gmt":"2023-10-26T16:55:48","guid":{"rendered":"https:\/\/www.confexbel.com.br\/loja\/?page_id=345"},"modified":"2024-07-24T18:27:40","modified_gmt":"2024-07-24T18:27:40","slug":"quem-somos","status":"publish","type":"page","link":"https:\/\/www.confexbel.com.br\/loja\/quem-somos\/","title":{"rendered":"Quem Somos"},"content":{"rendered":"\t\t<div data-elementor-type=\"wp-page\" data-elementor-id=\"345\" class=\"elementor elementor-345\" data-elementor-post-type=\"page\">\n\t\t\t\t\t\t<section class=\"elementor-section elementor-top-section elementor-element elementor-element-388b0792 elementor-section-boxed elementor-section-height-default elementor-section-height-default\" data-id=\"388b0792\" data-element_type=\"section\" data-e-type=\"section\" data-settings=\"{&quot;background_background&quot;:&quot;classic&quot;}\">\n\t\t\t\t\t\t\t<div class=\"elementor-background-overlay\"><\/div>\n\t\t\t\t\t\t\t<div class=\"elementor-container elementor-column-gap-default\">\n\t\t\t\t\t<div class=\"elementor-column elementor-col-100 elementor-top-column elementor-element elementor-element-696f6dbd elementor-invisible\" data-id=\"696f6dbd\" data-element_type=\"column\" data-e-type=\"column\" data-settings=\"{&quot;animation&quot;:&quot;bounceInUp&quot;}\">\n\t\t\t<div class=\"elementor-widget-wrap elementor-element-populated\">\n\t\t\t\t\t\t<div class=\"elementor-element elementor-element-1f014ad2 elementor-widget elementor-widget-heading\" data-id=\"1f014ad2\" data-element_type=\"widget\" data-e-type=\"widget\" data-widget_type=\"heading.default\">\n\t\t\t\t<div class=\"elementor-widget-container\">\n\t\t\t\t\t<h1 class=\"elementor-heading-title elementor-size-default\">Quem Somos<\/h1>\t\t\t\t<\/div>\n\t\t\t\t<\/div>\n\t\t\t\t\t<\/div>\n\t\t<\/div>\n\t\t\t\t\t<\/div>\n\t\t<\/section>\n\t\t\t\t<section class=\"elementor-section elementor-top-section elementor-element elementor-element-1730ebbf elementor-section-boxed elementor-section-height-default elementor-section-height-default\" data-id=\"1730ebbf\" data-element_type=\"section\" data-e-type=\"section\" data-settings=\"{&quot;background_background&quot;:&quot;classic&quot;}\">\n\t\t\t\t\t\t<div class=\"elementor-container elementor-column-gap-default\">\n\t\t\t\t\t<div class=\"elementor-column elementor-col-100 elementor-top-column elementor-element elementor-element-53879662\" data-id=\"53879662\" data-element_type=\"column\" data-e-type=\"column\">\n\t\t\t<div class=\"elementor-widget-wrap elementor-element-populated\">\n\t\t\t\t\t\t<div class=\"elementor-element elementor-element-198463b elementor-widget elementor-widget-text-editor\" data-id=\"198463b\" data-element_type=\"widget\" data-e-type=\"widget\" data-widget_type=\"text-editor.default\">\n\t\t\t\t<div class=\"elementor-widget-container\">\n\t\t\t\t\t\t\t\t\t<div>\n<div>\n<blockquote>\n<p>No ano de 1959 nasceu a&nbsp;<strong>Confex Bel<\/strong>, idealizada pelo patrono da fam\u00edlia Totaro, rec\u00e9m imigrado da It\u00e1lia, direcionou seu filho Lucio para aprender o of\u00edcio de alfaiate.<\/p>\n<p>Com sua f\u00e1brica e escrit\u00f3rio instalados atualmente no tradicional bairro do Bom Retiro em S\u00e3o Paulo, a&nbsp;<strong>Confex Bel<\/strong>&nbsp;vem costurando uma hist\u00f3ria de sucesso, mantendo viva tradi\u00e7\u00e3o da&nbsp;<strong>alfaiataria<\/strong>, da modelagem perfeita tanto na produ\u00e7\u00e3o sob medida como na sob numera\u00e7\u00e3o.<\/p>\n<p>Hoje, tanto tempo depois da inaugura\u00e7\u00e3o, o neg\u00f3cio continua essencialmente familiar e atende alguns seguimentos da&nbsp;<strong>uniformiza\u00e7\u00e3o social<\/strong>, profissionais e militares.<\/p>\n<p>A&nbsp;<strong>Confex Bel<\/strong>, sendo uma marca s\u00f3lida, tem o compromisso com a excel\u00eancia na arte da&nbsp;<strong>confec\u00e7\u00e3o<\/strong>, com grandes parceiros, v\u00eam cada vez mais conquistando respeito no mercado de confec\u00e7\u00e3o t\u00eaxtil.<\/p>\n<p><strong>Rua Prates, 704 \u2013 Bom Retiro \u2013 S\u00e3o Paulo\/SP CEP:01121-000<\/strong><br>Telefones:&nbsp; (11) 99920-7813<br>Whatsapp: (11) 98149-7812<\/p>\n<p>Email:&nbsp;<a href=\"mailto:confexbel@confexbel.com.br\">confexbel@confexbel.com.br<\/a><br>Instagram:&nbsp;<a href=\"https:\/\/www.instagram.com\/confexbel\/\">@confexbel<\/a><br>Facebook:&nbsp;<a href=\"https:\/\/www.facebook.com\/confex.bel.9\">ConfexBel<\/a><\/p>\n<\/blockquote>\n<\/div>\n<\/div>\t\t\t\t\t\t\t\t<\/div>\n\t\t\t\t<\/div>\n\t\t\t\t\t<\/div>\n\t\t<\/div>\n\t\t\t\t\t<\/div>\n\t\t<\/section>\n\t\t\t\t<\/div>\n\t\t","protected":false},"excerpt":{"rendered":"<p>No ano de 1959 nasceu a&nbsp;Confex Bel, idealizada pelo patrono da fam\u00edlia Totaro, rec\u00e9m imigrado da It\u00e1lia, direcionou seu filho Lucio para aprender o of\u00edcio de alfaiate. Com sua f\u00e1brica e escrit\u00f3rio instalados atualmente no tradicional bairro do Bom Retiro em S\u00e3o Paulo, a&nbsp;Confex Bel&nbsp;vem costurando uma hist\u00f3ria de sucesso, mantendo viva tradi\u00e7\u00e3o da&nbsp;alfaiataria, da [&hellip;]<\/p>\n","protected":false},"author":1,"featured_media":0,"parent":0,"menu_order":0,"comment_status":"closed","ping_status":"closed","template":"elementor_header_footer","meta":{"footnotes":""},"class_list":["post-345","page","type-page","status-publish","hentry"],"_links":{"self":[{"href":"https:\/\/www.confexbel.com.br\/loja\/wp-json\/wp\/v2\/pages\/345","targetHints":{"allow":["GET"]}}],"collection":[{"href":"https:\/\/www.confexbel.com.br\/loja\/wp-json\/wp\/v2\/pages"}],"about":[{"href":"https:\/\/www.confexbel.com.br\/loja\/wp-json\/wp\/v2\/types\/page"}],"author":[{"embeddable":true,"href":"https:\/\/www.confexbel.com.br\/loja\/wp-json\/wp\/v2\/users\/1"}],"replies":[{"embeddable":true,"href":"https:\/\/www.confexbel.com.br\/loja\/wp-json\/wp\/v2\/comments?post=345"}],"version-history":[{"count":10,"href":"https:\/\/www.confexbel.com.br\/loja\/wp-json\/wp\/v2\/pages\/345\/revisions"}],"predecessor-version":[{"id":1537,"href":"https:\/\/www.confexbel.com.br\/loja\/wp-json\/wp\/v2\/pages\/345\/revisions\/1537"}],"wp:attachment":[{"href":"https:\/\/www.confexbel.com.br\/loja\/wp-json\/wp\/v2\/media?parent=345"}],"curies":[{"name":"wp","href":"https:\/\/api.w.org\/{rel}","templated":true}]}}