{"id":308,"date":"2023-10-24T16:34:34","date_gmt":"2023-10-24T16:34:34","guid":{"rendered":"https:\/\/www.confexbel.com.br\/loja\/?page_id=308"},"modified":"2024-01-29T18:33:28","modified_gmt":"2024-01-29T18:33:28","slug":"marinha","status":"publish","type":"page","link":"https:\/\/www.confexbel.com.br\/loja\/marinha\/","title":{"rendered":"Marinha"},"content":{"rendered":"\t\t<div data-elementor-type=\"wp-page\" data-elementor-id=\"308\" class=\"elementor elementor-308\" data-elementor-post-type=\"page\">\n\t\t\t\t\t\t<section class=\"elementor-section elementor-top-section elementor-element elementor-element-388b0792 elementor-section-boxed elementor-section-height-default elementor-section-height-default\" data-id=\"388b0792\" data-element_type=\"section\" data-e-type=\"section\" data-settings=\"{&quot;background_background&quot;:&quot;classic&quot;}\">\n\t\t\t\t\t\t\t<div class=\"elementor-background-overlay\"><\/div>\n\t\t\t\t\t\t\t<div class=\"elementor-container elementor-column-gap-default\">\n\t\t\t\t\t<div class=\"elementor-column elementor-col-100 elementor-top-column elementor-element elementor-element-696f6dbd elementor-invisible\" data-id=\"696f6dbd\" data-element_type=\"column\" data-e-type=\"column\" data-settings=\"{&quot;animation&quot;:&quot;bounceInUp&quot;}\">\n\t\t\t<div class=\"elementor-widget-wrap elementor-element-populated\">\n\t\t\t\t\t\t<div class=\"elementor-element elementor-element-1f014ad2 elementor-widget elementor-widget-heading\" data-id=\"1f014ad2\" data-element_type=\"widget\" data-e-type=\"widget\" data-widget_type=\"heading.default\">\n\t\t\t\t<div class=\"elementor-widget-container\">\n\t\t\t\t\t<h1 class=\"elementor-heading-title elementor-size-default\">Marinha<\/h1>\t\t\t\t<\/div>\n\t\t\t\t<\/div>\n\t\t\t\t\t<\/div>\n\t\t<\/div>\n\t\t\t\t\t<\/div>\n\t\t<\/section>\n\t\t\t\t<section class=\"elementor-section elementor-top-section elementor-element elementor-element-e4c27b5 elementor-section-boxed elementor-section-height-default elementor-section-height-default\" data-id=\"e4c27b5\" data-element_type=\"section\" data-e-type=\"section\" data-settings=\"{&quot;background_background&quot;:&quot;classic&quot;}\">\n\t\t\t\t\t\t<div class=\"elementor-container elementor-column-gap-default\">\n\t\t\t\t\t<div class=\"elementor-column elementor-col-100 elementor-top-column elementor-element elementor-element-4c25f90\" data-id=\"4c25f90\" data-element_type=\"column\" data-e-type=\"column\">\n\t\t\t<div class=\"elementor-widget-wrap elementor-element-populated\">\n\t\t\t\t\t\t<div class=\"elementor-element elementor-element-2a1bb1bf elementor-grid-tablet-2 elementor-product-loop-item--align-center elementor-grid-4 elementor-grid-mobile-2 elementor-products-grid elementor-wc-products elementor-widget elementor-widget-woocommerce-products\" data-id=\"2a1bb1bf\" data-element_type=\"widget\" data-e-type=\"widget\" data-widget_type=\"woocommerce-products.default\">\n\t\t\t\t<div class=\"elementor-widget-container\">\n\t\t\t\t\t<div class=\"woocommerce columns-4 \"><ul class=\"products elementor-grid columns-4\">\n<li class=\"wcpa_has_options product type-product post-603 status-publish first onbackorder product_cat-marinha product_cat-masculina has-post-thumbnail shipping-taxable product-type-simple\">\n\t<a href=\"https:\/\/www.confexbel.com.br\/loja\/produto\/jaquetao-marinha-masculino-jaquetao-e-calca\/\" class=\"woocommerce-LoopProduct-link woocommerce-loop-product__link\"><img fetchpriority=\"high\" decoding=\"async\" width=\"300\" height=\"300\" src=\"https:\/\/www.confexbel.com.br\/loja\/wp-content\/uploads\/2024\/01\/cee3f7cc5134a3816c13f6f7057d2744-300x300.jpeg\" class=\"attachment-woocommerce_thumbnail size-woocommerce_thumbnail\" alt=\"Jaquet\u00e3o Marinha Masculino - Jaquet\u00e3o e Cal\u00e7a\" srcset=\"https:\/\/www.confexbel.com.br\/loja\/wp-content\/uploads\/2024\/01\/cee3f7cc5134a3816c13f6f7057d2744-300x300.jpeg 300w, https:\/\/www.confexbel.com.br\/loja\/wp-content\/uploads\/2024\/01\/cee3f7cc5134a3816c13f6f7057d2744-150x150.jpeg 150w, https:\/\/www.confexbel.com.br\/loja\/wp-content\/uploads\/2024\/01\/cee3f7cc5134a3816c13f6f7057d2744-100x100.jpeg 100w\" sizes=\"(max-width: 300px) 100vw, 300px\" \/><h2 class=\"woocommerce-loop-product__title\">Jaquet\u00e3o Marinha Masculino &#8211; Jaquet\u00e3o e Cal\u00e7a<\/h2>\n<\/a><a href=\"https:\/\/www.confexbel.com.br\/loja\/produto\/jaquetao-marinha-masculino-jaquetao-e-calca\/\" aria-describedby=\"woocommerce_loop_add_to_cart_link_describedby_603\" data-quantity=\"1\" class=\"button product_type_simple wcpa_add_to_cart_button\" data-product_id=\"603\" data-product_sku=\"\" aria-label=\"Leia mais sobre &ldquo;Jaquet\u00e3o Marinha Masculino - Jaquet\u00e3o e Cal\u00e7a&rdquo;\" rel=\"nofollow\" data-success_message=\"\">Comprar<\/a>\t<span id=\"woocommerce_loop_add_to_cart_link_describedby_603\" class=\"screen-reader-text\">\n\t\t\t<\/span>\n<\/li>\n<\/ul>\n<\/div>\t\t\t\t<\/div>\n\t\t\t\t<\/div>\n\t\t\t\t\t<\/div>\n\t\t<\/div>\n\t\t\t\t\t<\/div>\n\t\t<\/section>\n\t\t\t\t<\/div>\n\t\t","protected":false},"excerpt":{"rendered":"","protected":false},"author":1,"featured_media":0,"parent":0,"menu_order":0,"comment_status":"closed","ping_status":"closed","template":"elementor_header_footer","meta":{"footnotes":""},"class_list":["post-308","page","type-page","status-publish","hentry"],"_links":{"self":[{"href":"https:\/\/www.confexbel.com.br\/loja\/wp-json\/wp\/v2\/pages\/308","targetHints":{"allow":["GET"]}}],"collection":[{"href":"https:\/\/www.confexbel.com.br\/loja\/wp-json\/wp\/v2\/pages"}],"about":[{"href":"https:\/\/www.confexbel.com.br\/loja\/wp-json\/wp\/v2\/types\/page"}],"author":[{"embeddable":true,"href":"https:\/\/www.confexbel.com.br\/loja\/wp-json\/wp\/v2\/users\/1"}],"replies":[{"embeddable":true,"href":"https:\/\/www.confexbel.com.br\/loja\/wp-json\/wp\/v2\/comments?post=308"}],"version-history":[{"count":4,"href":"https:\/\/www.confexbel.com.br\/loja\/wp-json\/wp\/v2\/pages\/308\/revisions"}],"predecessor-version":[{"id":1299,"href":"https:\/\/www.confexbel.com.br\/loja\/wp-json\/wp\/v2\/pages\/308\/revisions\/1299"}],"wp:attachment":[{"href":"https:\/\/www.confexbel.com.br\/loja\/wp-json\/wp\/v2\/media?parent=308"}],"curies":[{"name":"wp","href":"https:\/\/api.w.org\/{rel}","templated":true}]}}